{"id":589,"date":"2025-06-09T14:15:13","date_gmt":"2025-06-09T12:15:13","guid":{"rendered":"https:\/\/coincardex.fr\/index.php\/produit\/2-euro-commemorative-france-2013-50-ans-du-traite-de-lelysee\/"},"modified":"2026-03-18T16:08:52","modified_gmt":"2026-03-18T15:08:52","slug":"2-euro-commemorative-france-2013-50-ans-du-traite-de-lelysee","status":"publish","type":"product","link":"https:\/\/coincardex.fr\/index.php\/produit\/2-euro-commemorative-france-2013-50-ans-du-traite-de-lelysee\/","title":{"rendered":"2 euro comm\u00e9morative France 2013 &#8211; 50 ans du trait\u00e9 de l&rsquo;Elys\u00e9e"},"content":{"rendered":"","protected":false},"excerpt":{"rendered":"<ul>\n<li>Pi\u00e8ce neuve UNC<\/li>\n<li>En pochette Hartberger<\/li>\n<li>10 millions d\u2019exemplaires<\/li>\n<\/ul>\n","protected":false},"featured_media":605,"comment_status":"open","ping_status":"closed","template":"","meta":{"_glsr_average":0,"_glsr_ranking":0,"_glsr_reviews":0},"product_brand":[],"product_cat":[103,29,24,25,18],"product_tag":[],"class_list":{"0":"post-589","1":"product","2":"type-product","3":"status-publish","4":"has-post-thumbnail","6":"product_cat-2-euro-commemorative-2013","7":"product_cat-2euro_cc","8":"product_cat-euro","9":"product_cat-euro_france","10":"product_cat-coins","12":"first","13":"instock","14":"sold-individually","15":"shipping-taxable","16":"purchasable","17":"product-type-simple"},"_links":{"self":[{"href":"https:\/\/coincardex.fr\/index.php\/wp-json\/wp\/v2\/product\/589","targetHints":{"allow":["GET"]}}],"collection":[{"href":"https:\/\/coincardex.fr\/index.php\/wp-json\/wp\/v2\/product"}],"about":[{"href":"https:\/\/coincardex.fr\/index.php\/wp-json\/wp\/v2\/types\/product"}],"replies":[{"embeddable":true,"href":"https:\/\/coincardex.fr\/index.php\/wp-json\/wp\/v2\/comments?post=589"}],"wp:featuredmedia":[{"embeddable":true,"href":"https:\/\/coincardex.fr\/index.php\/wp-json\/wp\/v2\/media\/605"}],"wp:attachment":[{"href":"https:\/\/coincardex.fr\/index.php\/wp-json\/wp\/v2\/media?parent=589"}],"wp:term":[{"taxonomy":"product_brand","embeddable":true,"href":"https:\/\/coincardex.fr\/index.php\/wp-json\/wp\/v2\/product_brand?post=589"},{"taxonomy":"product_cat","embeddable":true,"href":"https:\/\/coincardex.fr\/index.php\/wp-json\/wp\/v2\/product_cat?post=589"},{"taxonomy":"product_tag","embeddable":true,"href":"https:\/\/coincardex.fr\/index.php\/wp-json\/wp\/v2\/product_tag?post=589"}],"curies":[{"name":"wp","href":"https:\/\/api.w.org\/{rel}","templated":true}]}}