{"id":487,"date":"2025-06-08T13:29:24","date_gmt":"2025-06-08T11:29:24","guid":{"rendered":"https:\/\/coincardex.fr\/index.php\/produit\/2-euro-commemorative-allemagne-2011-cathedrale-de-cologne-rhenanie-du-nord-westphalie-atelier-f\/"},"modified":"2025-12-15T11:12:35","modified_gmt":"2025-12-15T10:12:35","slug":"2-euro-commemorative-allemagne-2011-cathedrale-de-cologne-rhenanie-du-nord-westphalie-atelier-f","status":"publish","type":"product","link":"https:\/\/coincardex.fr\/index.php\/produit\/2-euro-commemorative-allemagne-2011-cathedrale-de-cologne-rhenanie-du-nord-westphalie-atelier-f\/","title":{"rendered":"2 euro comm\u00e9morative Allemagne 2011 &#8211; Cath\u00e9drale de Cologne (Rh\u00e9nanie du Nord &#8211; Westphalie) &#8211; atelier F"},"content":{"rendered":"","protected":false},"excerpt":{"rendered":"<ul>\n<li>Pi\u00e8ce neuve UNC<\/li>\n<li>En pochette Hartberger<\/li>\n<li>7,2 millions d\u2019exemplaires<\/li>\n<\/ul>\n","protected":false},"featured_media":503,"comment_status":"open","ping_status":"closed","template":"","meta":{"_glsr_average":0,"_glsr_ranking":0,"_glsr_reviews":0},"product_brand":[],"product_cat":[105,29,24,40,18],"product_tag":[],"class_list":{"0":"post-487","1":"product","2":"type-product","3":"status-publish","4":"has-post-thumbnail","6":"product_cat-2-euro-commemorative-2011","7":"product_cat-2euro_cc","8":"product_cat-euro","9":"product_cat-euro_allemagne","10":"product_cat-coins","12":"first","13":"instock","14":"sold-individually","15":"shipping-taxable","16":"purchasable","17":"product-type-simple"},"_links":{"self":[{"href":"https:\/\/coincardex.fr\/index.php\/wp-json\/wp\/v2\/product\/487","targetHints":{"allow":["GET"]}}],"collection":[{"href":"https:\/\/coincardex.fr\/index.php\/wp-json\/wp\/v2\/product"}],"about":[{"href":"https:\/\/coincardex.fr\/index.php\/wp-json\/wp\/v2\/types\/product"}],"replies":[{"embeddable":true,"href":"https:\/\/coincardex.fr\/index.php\/wp-json\/wp\/v2\/comments?post=487"}],"wp:featuredmedia":[{"embeddable":true,"href":"https:\/\/coincardex.fr\/index.php\/wp-json\/wp\/v2\/media\/503"}],"wp:attachment":[{"href":"https:\/\/coincardex.fr\/index.php\/wp-json\/wp\/v2\/media?parent=487"}],"wp:term":[{"taxonomy":"product_brand","embeddable":true,"href":"https:\/\/coincardex.fr\/index.php\/wp-json\/wp\/v2\/product_brand?post=487"},{"taxonomy":"product_cat","embeddable":true,"href":"https:\/\/coincardex.fr\/index.php\/wp-json\/wp\/v2\/product_cat?post=487"},{"taxonomy":"product_tag","embeddable":true,"href":"https:\/\/coincardex.fr\/index.php\/wp-json\/wp\/v2\/product_tag?post=487"}],"curies":[{"name":"wp","href":"https:\/\/api.w.org\/{rel}","templated":true}]}}