{"id":4676,"date":"2026-03-06T18:11:38","date_gmt":"2026-03-06T17:11:38","guid":{"rendered":"https:\/\/coincardex.fr\/index.php\/produit\/2-euro-commemorative-lituanie-2026-independance-energetique\/"},"modified":"2026-04-28T18:55:34","modified_gmt":"2026-04-28T16:55:34","slug":"2-euro-commemorative-lituanie-2026-independance-energetique","status":"publish","type":"product","link":"https:\/\/coincardex.fr\/index.php\/produit\/2-euro-commemorative-lituanie-2026-independance-energetique\/","title":{"rendered":"2 euro comm\u00e9morative Lituanie 2026 &#8211; ind\u00e9pendance \u00e9nerg\u00e9tique"},"content":{"rendered":"","protected":false},"excerpt":{"rendered":"<ul>\n<li>Pi\u00e8ce neuve UNC<\/li>\n<li>En pochette Hartberger<\/li>\n<\/ul>\n","protected":false},"featured_media":4677,"comment_status":"open","ping_status":"closed","template":"","meta":{"_glsr_average":0,"_glsr_ranking":0,"_glsr_reviews":0},"product_brand":[],"product_cat":[114,29,24,46,18],"product_tag":[],"class_list":{"0":"post-4676","1":"product","2":"type-product","3":"status-publish","4":"has-post-thumbnail","6":"product_cat-2-euro-commemorative-2026","7":"product_cat-2euro_cc","8":"product_cat-euro","9":"product_cat-euro_lituanie","10":"product_cat-coins","12":"first","13":"instock","14":"sold-individually","15":"shipping-taxable","16":"purchasable","17":"product-type-simple"},"_links":{"self":[{"href":"https:\/\/coincardex.fr\/index.php\/wp-json\/wp\/v2\/product\/4676","targetHints":{"allow":["GET"]}}],"collection":[{"href":"https:\/\/coincardex.fr\/index.php\/wp-json\/wp\/v2\/product"}],"about":[{"href":"https:\/\/coincardex.fr\/index.php\/wp-json\/wp\/v2\/types\/product"}],"replies":[{"embeddable":true,"href":"https:\/\/coincardex.fr\/index.php\/wp-json\/wp\/v2\/comments?post=4676"}],"wp:featuredmedia":[{"embeddable":true,"href":"https:\/\/coincardex.fr\/index.php\/wp-json\/wp\/v2\/media\/4677"}],"wp:attachment":[{"href":"https:\/\/coincardex.fr\/index.php\/wp-json\/wp\/v2\/media?parent=4676"}],"wp:term":[{"taxonomy":"product_brand","embeddable":true,"href":"https:\/\/coincardex.fr\/index.php\/wp-json\/wp\/v2\/product_brand?post=4676"},{"taxonomy":"product_cat","embeddable":true,"href":"https:\/\/coincardex.fr\/index.php\/wp-json\/wp\/v2\/product_cat?post=4676"},{"taxonomy":"product_tag","embeddable":true,"href":"https:\/\/coincardex.fr\/index.php\/wp-json\/wp\/v2\/product_tag?post=4676"}],"curies":[{"name":"wp","href":"https:\/\/api.w.org\/{rel}","templated":true}]}}