{"id":3879,"date":"2025-10-23T22:12:20","date_gmt":"2025-10-23T20:12:20","guid":{"rendered":"https:\/\/coincardex.fr\/index.php\/produit\/3-euro-commemorative-slovenie-2021-30-ans-de-la-republique\/"},"modified":"2026-03-01T21:16:56","modified_gmt":"2026-03-01T20:16:56","slug":"3-euro-commemorative-slovenie-2021-30-ans-de-la-republique","status":"publish","type":"product","link":"https:\/\/coincardex.fr\/index.php\/produit\/3-euro-commemorative-slovenie-2021-30-ans-de-la-republique\/","title":{"rendered":"3 euro comm\u00e9morative Slov\u00e9nie 2021 &#8211; 30 ans de la r\u00e9publique"},"content":{"rendered":"","protected":false},"excerpt":{"rendered":"<ul>\n<li>Pi\u00e8ce neuve<\/li>\n<li>En sachet ou pochette cartonn\u00e9e<\/li>\n<\/ul>\n","protected":false},"featured_media":3900,"comment_status":"open","ping_status":"closed","template":"","meta":{"_glsr_average":0,"_glsr_ranking":0,"_glsr_reviews":0},"product_brand":[],"product_cat":[24,52,18],"product_tag":[],"class_list":{"0":"post-3879","1":"product","2":"type-product","3":"status-publish","4":"has-post-thumbnail","6":"product_cat-euro","7":"product_cat-euro_slovenie","8":"product_cat-coins","10":"first","11":"instock","12":"sold-individually","13":"shipping-taxable","14":"purchasable","15":"product-type-simple"},"_links":{"self":[{"href":"https:\/\/coincardex.fr\/index.php\/wp-json\/wp\/v2\/product\/3879","targetHints":{"allow":["GET"]}}],"collection":[{"href":"https:\/\/coincardex.fr\/index.php\/wp-json\/wp\/v2\/product"}],"about":[{"href":"https:\/\/coincardex.fr\/index.php\/wp-json\/wp\/v2\/types\/product"}],"replies":[{"embeddable":true,"href":"https:\/\/coincardex.fr\/index.php\/wp-json\/wp\/v2\/comments?post=3879"}],"wp:featuredmedia":[{"embeddable":true,"href":"https:\/\/coincardex.fr\/index.php\/wp-json\/wp\/v2\/media\/3900"}],"wp:attachment":[{"href":"https:\/\/coincardex.fr\/index.php\/wp-json\/wp\/v2\/media?parent=3879"}],"wp:term":[{"taxonomy":"product_brand","embeddable":true,"href":"https:\/\/coincardex.fr\/index.php\/wp-json\/wp\/v2\/product_brand?post=3879"},{"taxonomy":"product_cat","embeddable":true,"href":"https:\/\/coincardex.fr\/index.php\/wp-json\/wp\/v2\/product_cat?post=3879"},{"taxonomy":"product_tag","embeddable":true,"href":"https:\/\/coincardex.fr\/index.php\/wp-json\/wp\/v2\/product_tag?post=3879"}],"curies":[{"name":"wp","href":"https:\/\/api.w.org\/{rel}","templated":true}]}}