{"id":2998,"date":"2025-07-23T08:43:34","date_gmt":"2025-07-23T06:43:34","guid":{"rendered":"https:\/\/coincardex.fr\/?post_type=product&#038;p=2998"},"modified":"2025-10-23T09:24:00","modified_gmt":"2025-10-23T07:24:00","slug":"pokemon-pokebox-legendes-tranchantes-koraidon-ex","status":"publish","type":"product","link":"https:\/\/coincardex.fr\/index.php\/produit\/pokemon-pokebox-legendes-tranchantes-koraidon-ex\/","title":{"rendered":"Pok\u00e9mon Pok\u00e9box L\u00e9gendes tranchantes &#8211; Koraidon Ex"},"content":{"rendered":"","protected":false},"excerpt":{"rendered":"<ul>\n<li>Produit neuf et scell\u00e9<\/li>\n<li>Version Fran\u00e7aise<\/li>\n<\/ul>\n<p>Nous ne garantissons pas la qualit\u00e9 de scellage d&rsquo;origine, d\u00e9pendant du fabriquant et du transport. Les produits sont dans l&rsquo;\u00e9tat neuf, tels qu&rsquo;ils sont re\u00e7us.<\/p>\n","protected":false},"featured_media":2995,"comment_status":"open","ping_status":"closed","template":"","meta":{"_glsr_average":0,"_glsr_ranking":0,"_glsr_reviews":0},"product_brand":[],"product_cat":[17,19],"product_tag":[],"class_list":{"0":"post-2998","1":"product","2":"type-product","3":"status-publish","4":"has-post-thumbnail","6":"product_cat-card","7":"product_cat-pokemon","9":"first","10":"instock","11":"sold-individually","12":"shipping-taxable","13":"purchasable","14":"product-type-simple"},"_links":{"self":[{"href":"https:\/\/coincardex.fr\/index.php\/wp-json\/wp\/v2\/product\/2998","targetHints":{"allow":["GET"]}}],"collection":[{"href":"https:\/\/coincardex.fr\/index.php\/wp-json\/wp\/v2\/product"}],"about":[{"href":"https:\/\/coincardex.fr\/index.php\/wp-json\/wp\/v2\/types\/product"}],"replies":[{"embeddable":true,"href":"https:\/\/coincardex.fr\/index.php\/wp-json\/wp\/v2\/comments?post=2998"}],"wp:featuredmedia":[{"embeddable":true,"href":"https:\/\/coincardex.fr\/index.php\/wp-json\/wp\/v2\/media\/2995"}],"wp:attachment":[{"href":"https:\/\/coincardex.fr\/index.php\/wp-json\/wp\/v2\/media?parent=2998"}],"wp:term":[{"taxonomy":"product_brand","embeddable":true,"href":"https:\/\/coincardex.fr\/index.php\/wp-json\/wp\/v2\/product_brand?post=2998"},{"taxonomy":"product_cat","embeddable":true,"href":"https:\/\/coincardex.fr\/index.php\/wp-json\/wp\/v2\/product_cat?post=2998"},{"taxonomy":"product_tag","embeddable":true,"href":"https:\/\/coincardex.fr\/index.php\/wp-json\/wp\/v2\/product_tag?post=2998"}],"curies":[{"name":"wp","href":"https:\/\/api.w.org\/{rel}","templated":true}]}}