{"id":211,"date":"2025-05-28T00:14:22","date_gmt":"2025-05-27T22:14:22","guid":{"rendered":"https:\/\/coincardex.fr\/index.php\/produit\/2-euro-commemorative-finlande-2009-la-premiere-diete\/"},"modified":"2026-04-22T22:50:46","modified_gmt":"2026-04-22T20:50:46","slug":"2-euro-commemorative-finlande-2009-la-premiere-diete","status":"publish","type":"product","link":"https:\/\/coincardex.fr\/index.php\/produit\/2-euro-commemorative-finlande-2009-la-premiere-diete\/","title":{"rendered":"2 euro comm\u00e9morative Finlande 2009 &#8211; La premi\u00e8re Di\u00e8te"},"content":{"rendered":"","protected":false},"excerpt":{"rendered":"<ul>\n<li>Pi\u00e8ce neuve UNC<\/li>\n<li>En pochette Hartberger<\/li>\n<li>1,6 millions d\u2019exemplaires<\/li>\n<\/ul>\n","protected":false},"featured_media":436,"comment_status":"open","ping_status":"closed","template":"","meta":{"_glsr_average":0,"_glsr_ranking":0,"_glsr_reviews":0},"product_brand":[],"product_cat":[107,29,24,33,18],"product_tag":[],"class_list":{"0":"post-211","1":"product","2":"type-product","3":"status-publish","4":"has-post-thumbnail","6":"product_cat-2-euro-commemorative-2009","7":"product_cat-2euro_cc","8":"product_cat-euro","9":"product_cat-euro_finlande","10":"product_cat-coins","12":"first","13":"instock","14":"sold-individually","15":"shipping-taxable","16":"purchasable","17":"product-type-simple"},"_links":{"self":[{"href":"https:\/\/coincardex.fr\/index.php\/wp-json\/wp\/v2\/product\/211","targetHints":{"allow":["GET"]}}],"collection":[{"href":"https:\/\/coincardex.fr\/index.php\/wp-json\/wp\/v2\/product"}],"about":[{"href":"https:\/\/coincardex.fr\/index.php\/wp-json\/wp\/v2\/types\/product"}],"replies":[{"embeddable":true,"href":"https:\/\/coincardex.fr\/index.php\/wp-json\/wp\/v2\/comments?post=211"}],"wp:featuredmedia":[{"embeddable":true,"href":"https:\/\/coincardex.fr\/index.php\/wp-json\/wp\/v2\/media\/436"}],"wp:attachment":[{"href":"https:\/\/coincardex.fr\/index.php\/wp-json\/wp\/v2\/media?parent=211"}],"wp:term":[{"taxonomy":"product_brand","embeddable":true,"href":"https:\/\/coincardex.fr\/index.php\/wp-json\/wp\/v2\/product_brand?post=211"},{"taxonomy":"product_cat","embeddable":true,"href":"https:\/\/coincardex.fr\/index.php\/wp-json\/wp\/v2\/product_cat?post=211"},{"taxonomy":"product_tag","embeddable":true,"href":"https:\/\/coincardex.fr\/index.php\/wp-json\/wp\/v2\/product_tag?post=211"}],"curies":[{"name":"wp","href":"https:\/\/api.w.org\/{rel}","templated":true}]}}