{"id":1540,"date":"2025-07-06T09:16:52","date_gmt":"2025-07-06T07:16:52","guid":{"rendered":"https:\/\/coincardex.fr\/index.php\/produit\/2-euro-commemorative-france-2022-jeux-olympiques-2024-de-paris-le-genie-coincard-partager-lenergie-des-jeux-avec-le-plus-grand-nombre\/"},"modified":"2026-03-04T22:23:49","modified_gmt":"2026-03-04T21:23:49","slug":"2-euro-commemorative-france-2022-jeux-olympiques-2024-de-paris-le-genie-coincard-partager-lenergie-des-jeux-avec-le-plus-grand-nombre","status":"publish","type":"product","link":"https:\/\/coincardex.fr\/index.php\/produit\/2-euro-commemorative-france-2022-jeux-olympiques-2024-de-paris-le-genie-coincard-partager-lenergie-des-jeux-avec-le-plus-grand-nombre\/","title":{"rendered":"2 euro comm\u00e9morative France 2022 &#8211; Jeux Olympiques 2024 de Paris &#8211; Le G\u00e9nie (coincard partager l&rsquo;\u00e9nergie des jeux avec le plus grand nombre)"},"content":{"rendered":"","protected":false},"excerpt":{"rendered":"<ul>\n<li>Pi\u00e8ce neuve BU<\/li>\n<li>En coincard<\/li>\n<li>500 000 exemplaires<\/li>\n<\/ul>\n","protected":false},"featured_media":1513,"comment_status":"open","ping_status":"closed","template":"","meta":{"_glsr_average":0,"_glsr_ranking":0,"_glsr_reviews":0},"product_brand":[],"product_cat":[94,29,24,25,18],"product_tag":[],"class_list":{"0":"post-1540","1":"product","2":"type-product","3":"status-publish","4":"has-post-thumbnail","6":"product_cat-2-euro-commemorative-2022","7":"product_cat-2euro_cc","8":"product_cat-euro","9":"product_cat-euro_france","10":"product_cat-coins","12":"first","13":"instock","14":"sold-individually","15":"shipping-taxable","16":"purchasable","17":"product-type-simple"},"_links":{"self":[{"href":"https:\/\/coincardex.fr\/index.php\/wp-json\/wp\/v2\/product\/1540","targetHints":{"allow":["GET"]}}],"collection":[{"href":"https:\/\/coincardex.fr\/index.php\/wp-json\/wp\/v2\/product"}],"about":[{"href":"https:\/\/coincardex.fr\/index.php\/wp-json\/wp\/v2\/types\/product"}],"replies":[{"embeddable":true,"href":"https:\/\/coincardex.fr\/index.php\/wp-json\/wp\/v2\/comments?post=1540"}],"wp:featuredmedia":[{"embeddable":true,"href":"https:\/\/coincardex.fr\/index.php\/wp-json\/wp\/v2\/media\/1513"}],"wp:attachment":[{"href":"https:\/\/coincardex.fr\/index.php\/wp-json\/wp\/v2\/media?parent=1540"}],"wp:term":[{"taxonomy":"product_brand","embeddable":true,"href":"https:\/\/coincardex.fr\/index.php\/wp-json\/wp\/v2\/product_brand?post=1540"},{"taxonomy":"product_cat","embeddable":true,"href":"https:\/\/coincardex.fr\/index.php\/wp-json\/wp\/v2\/product_cat?post=1540"},{"taxonomy":"product_tag","embeddable":true,"href":"https:\/\/coincardex.fr\/index.php\/wp-json\/wp\/v2\/product_tag?post=1540"}],"curies":[{"name":"wp","href":"https:\/\/api.w.org\/{rel}","templated":true}]}}