{"id":1409,"date":"2025-07-02T11:06:42","date_gmt":"2025-07-02T09:06:42","guid":{"rendered":"https:\/\/coincardex.fr\/index.php\/produit\/2-euro-commemorative-grece-2021-revolution-grecque\/"},"modified":"2026-03-20T17:01:36","modified_gmt":"2026-03-20T16:01:36","slug":"2-euro-commemorative-grece-2021-revolution-grecque","status":"publish","type":"product","link":"https:\/\/coincardex.fr\/index.php\/produit\/2-euro-commemorative-grece-2021-revolution-grecque\/","title":{"rendered":"2 euro comm\u00e9morative Gr\u00e8ce 2021 &#8211; R\u00e9volution Grecque"},"content":{"rendered":"","protected":false},"excerpt":{"rendered":"<ul>\n<li>Pi\u00e8ce neuve UNC<\/li>\n<li>En pochette Hartberger<\/li>\n<li>1,5 millions d&rsquo;exemplaires<\/li>\n<\/ul>\n","protected":false},"featured_media":1310,"comment_status":"open","ping_status":"closed","template":"","meta":{"_glsr_average":0,"_glsr_ranking":0,"_glsr_reviews":0},"product_brand":[],"product_cat":[95,29,24,30,18],"product_tag":[],"class_list":{"0":"post-1409","1":"product","2":"type-product","3":"status-publish","4":"has-post-thumbnail","6":"product_cat-2-euro-commemorative-2021","7":"product_cat-2euro_cc","8":"product_cat-euro","9":"product_cat-euro_grece","10":"product_cat-coins","12":"first","13":"instock","14":"sold-individually","15":"shipping-taxable","16":"purchasable","17":"product-type-simple"},"_links":{"self":[{"href":"https:\/\/coincardex.fr\/index.php\/wp-json\/wp\/v2\/product\/1409","targetHints":{"allow":["GET"]}}],"collection":[{"href":"https:\/\/coincardex.fr\/index.php\/wp-json\/wp\/v2\/product"}],"about":[{"href":"https:\/\/coincardex.fr\/index.php\/wp-json\/wp\/v2\/types\/product"}],"replies":[{"embeddable":true,"href":"https:\/\/coincardex.fr\/index.php\/wp-json\/wp\/v2\/comments?post=1409"}],"wp:featuredmedia":[{"embeddable":true,"href":"https:\/\/coincardex.fr\/index.php\/wp-json\/wp\/v2\/media\/1310"}],"wp:attachment":[{"href":"https:\/\/coincardex.fr\/index.php\/wp-json\/wp\/v2\/media?parent=1409"}],"wp:term":[{"taxonomy":"product_brand","embeddable":true,"href":"https:\/\/coincardex.fr\/index.php\/wp-json\/wp\/v2\/product_brand?post=1409"},{"taxonomy":"product_cat","embeddable":true,"href":"https:\/\/coincardex.fr\/index.php\/wp-json\/wp\/v2\/product_cat?post=1409"},{"taxonomy":"product_tag","embeddable":true,"href":"https:\/\/coincardex.fr\/index.php\/wp-json\/wp\/v2\/product_tag?post=1409"}],"curies":[{"name":"wp","href":"https:\/\/api.w.org\/{rel}","templated":true}]}}