{"id":8,"date":"2025-05-14T12:12:47","date_gmt":"2025-05-14T10:12:47","guid":{"rendered":"https:\/\/coincardex.fr\/index.php\/panier\/"},"modified":"2025-11-04T09:20:32","modified_gmt":"2025-11-04T08:20:32","slug":"panier","status":"publish","type":"page","link":"https:\/\/coincardex.fr\/index.php\/panier\/","title":{"rendered":"Panier"},"content":{"rendered":"\n<p>Si votre panier contient des articles en pr\u00e9-commande, votre commande ne sera exp\u00e9di\u00e9e que lorsque tout les articles seront disponibles.<\/p>\n\n\n\n<div data-block-name=\"woocommerce\/cart\" class=\"wp-block-woocommerce-cart is-loading\">\n<div data-block-name=\"woocommerce\/filled-cart-block\" class=\"wp-block-woocommerce-filled-cart-block\">\n<div data-block-name=\"woocommerce\/cart-items-block\" class=\"wp-block-woocommerce-cart-items-block\">\n<div data-block-name=\"woocommerce\/cart-line-items-block\" class=\"wp-block-woocommerce-cart-line-items-block\"><\/div>\n\n\n\n<div data-block-name=\"woocommerce\/cart-cross-sells-block\" class=\"wp-block-woocommerce-cart-cross-sells-block\">\n<h2 class=\"wp-block-heading has-large-font-size\">\u00c7a peut vous int\u00e9resser&#8230;<\/h2>\n\n\n\n<div data-block-name=\"woocommerce\/cart-cross-sells-products-block\" class=\"wp-block-woocommerce-cart-cross-sells-products-block\"><\/div>\n<\/div>\n<\/div>\n\n\n\n<div data-block-name=\"woocommerce\/cart-totals-block\" class=\"wp-block-woocommerce-cart-totals-block\">\n<div data-block-name=\"woocommerce\/cart-order-summary-block\" class=\"wp-block-woocommerce-cart-order-summary-block\">\n<div data-block-name=\"woocommerce\/cart-order-summary-heading-block\" data-content=\"Total panier\" class=\"wp-block-woocommerce-cart-order-summary-heading-block\"><\/div>\n\n\n\n<div data-block-name=\"woocommerce\/cart-order-summary-coupon-form-block\" class=\"wp-block-woocommerce-cart-order-summary-coupon-form-block\"><\/div>\n\n\n\n<div data-block-name=\"woocommerce\/cart-order-summary-totals-block\" class=\"wp-block-woocommerce-cart-order-summary-totals-block\">\n<div data-block-name=\"woocommerce\/cart-order-summary-subtotal-block\" class=\"wp-block-woocommerce-cart-order-summary-subtotal-block\"><\/div>\n\n\n\n<div data-block-name=\"woocommerce\/cart-order-summary-fee-block\" class=\"wp-block-woocommerce-cart-order-summary-fee-block\"><\/div>\n\n\n\n<div data-block-name=\"woocommerce\/cart-order-summary-discount-block\" class=\"wp-block-woocommerce-cart-order-summary-discount-block\"><\/div>\n\n\n\n<div data-block-name=\"woocommerce\/cart-order-summary-shipping-block\" class=\"wp-block-woocommerce-cart-order-summary-shipping-block\"><\/div>\n\n\n\n<div data-block-name=\"woocommerce\/cart-order-summary-taxes-block\" class=\"wp-block-woocommerce-cart-order-summary-taxes-block\"><\/div>\n<\/div>\n<\/div>\n\n\n\n<div data-block-name=\"woocommerce\/cart-express-payment-block\" class=\"wp-block-woocommerce-cart-express-payment-block\"><\/div>\n\n\n\n<div data-block-name=\"woocommerce\/proceed-to-checkout-block\" class=\"wp-block-woocommerce-proceed-to-checkout-block\"><\/div>\n\n\n\n<div data-block-name=\"woocommerce\/cart-accepted-payment-methods-block\" class=\"wp-block-woocommerce-cart-accepted-payment-methods-block\"><\/div>\n\n\n\n<p><strong>TVA non applicable, article 293 B du CGI<\/strong><\/p>\n<\/div>\n<\/div>\n\n\n\n<div data-block-name=\"woocommerce\/empty-cart-block\" class=\"wp-block-woocommerce-empty-cart-block\">\n<h2 class=\"wp-block-heading has-text-align-center with-empty-cart-icon wc-block-cart__empty-cart__title\">Votre panier est actuellement vide&nbsp;!<\/h2>\n\n\n\n<hr class=\"wp-block-separator has-alpha-channel-opacity is-style-dots\"\/>\n\n\n\n<h2 class=\"wp-block-heading has-text-align-center\">Nouveau dans la boutique<\/h2>\n\n\n<div data-block-name=\"woocommerce\/product-new\" data-columns=\"4\" data-rows=\"1\" class=\"wc-block-grid wp-block-product-new wp-block-woocommerce-product-new wc-block-product-new has-4-columns\"><ul class=\"wc-block-grid__products\"><li class=\"wc-block-grid__product\">\n\t\t\t\t<a href=\"https:\/\/coincardex.fr\/index.php\/produit\/2-euro-commemorative-luxembourg-2026-grand-duc\/\" class=\"wc-block-grid__product-link\">\n\t\t\t\t\t\n\t\t\t\t\t<div class=\"wc-block-grid__product-image\"><img loading=\"lazy\" decoding=\"async\" width=\"200\" height=\"200\" src=\"https:\/\/coincardex.fr\/wp-content\/uploads\/2026\/03\/2026-Luxembourg-2e-Grand-Duc-200x200.webp\" class=\"attachment-woocommerce_thumbnail size-woocommerce_thumbnail\" alt=\"2 euro comm\u00e9morative Luxembourg 2026 - Grand Duc\" srcset=\"https:\/\/coincardex.fr\/wp-content\/uploads\/2026\/03\/2026-Luxembourg-2e-Grand-Duc-200x200.webp 200w, https:\/\/coincardex.fr\/wp-content\/uploads\/2026\/03\/2026-Luxembourg-2e-Grand-Duc-150x150.webp 150w, https:\/\/coincardex.fr\/wp-content\/uploads\/2026\/03\/2026-Luxembourg-2e-Grand-Duc-100x100.webp 100w\" sizes=\"auto, (max-width: 200px) 100vw, 200px\" \/><\/div>\n\t\t\t\t\t<div class=\"wc-block-grid__product-title\">2 euro comm\u00e9morative Luxembourg 2026 &#8211; Grand Duc<\/div>\n\t\t\t\t<\/a>\n\t\t\t\t<div class=\"wc-block-grid__product-price price\"><span class=\"woocommerce-Price-amount amount\">12,00&nbsp;<span class=\"woocommerce-Price-currencySymbol\">&euro;<\/span><\/span><\/div>\n\t\t\t\t\n\t\t\t\t<div class=\"wp-block-button wc-block-grid__product-add-to-cart\"><a href=\"https:\/\/coincardex.fr\/index.php\/produit\/2-euro-commemorative-luxembourg-2026-grand-duc\/\" aria-label=\"En savoir plus sur &ldquo;2 euro comm\u00e9morative Luxembourg 2026 - Grand Duc&rdquo;\" data-quantity=\"1\" data-product_id=\"4784\" data-product_sku=\"\" data-price=\"12\" rel=\"nofollow\" class=\"wp-block-button__link  add_to_cart_button\">Lire la suite<\/a><\/div>\n\t\t\t<\/li><li class=\"wc-block-grid__product\">\n\t\t\t\t<a href=\"https:\/\/coincardex.fr\/index.php\/produit\/2-euro-commemorative-luxembourg-2026-40-ans-du-prix-charlemagne\/\" class=\"wc-block-grid__product-link\">\n\t\t\t\t\t\n\t\t\t\t\t<div class=\"wc-block-grid__product-image\"><img loading=\"lazy\" decoding=\"async\" width=\"200\" height=\"200\" src=\"https:\/\/coincardex.fr\/wp-content\/uploads\/2026\/03\/2026-Luxembourg-2e-prix-Charlemagne-200x200.jpg\" class=\"attachment-woocommerce_thumbnail size-woocommerce_thumbnail\" alt=\"2 euro comm\u00e9morative Luxembourg 2026 - 40 ans du prix Charlemagne\" srcset=\"https:\/\/coincardex.fr\/wp-content\/uploads\/2026\/03\/2026-Luxembourg-2e-prix-Charlemagne-200x200.jpg 200w, https:\/\/coincardex.fr\/wp-content\/uploads\/2026\/03\/2026-Luxembourg-2e-prix-Charlemagne-300x300.jpg 300w, https:\/\/coincardex.fr\/wp-content\/uploads\/2026\/03\/2026-Luxembourg-2e-prix-Charlemagne-150x150.jpg 150w, https:\/\/coincardex.fr\/wp-content\/uploads\/2026\/03\/2026-Luxembourg-2e-prix-Charlemagne-400x400.jpg 400w, https:\/\/coincardex.fr\/wp-content\/uploads\/2026\/03\/2026-Luxembourg-2e-prix-Charlemagne-100x100.jpg 100w, https:\/\/coincardex.fr\/wp-content\/uploads\/2026\/03\/2026-Luxembourg-2e-prix-Charlemagne.jpg 420w\" sizes=\"auto, (max-width: 200px) 100vw, 200px\" \/><\/div>\n\t\t\t\t\t<div class=\"wc-block-grid__product-title\">2 euro comm\u00e9morative Luxembourg 2026 &#8211; 40 ans du prix Charlemagne<\/div>\n\t\t\t\t<\/a>\n\t\t\t\t<div class=\"wc-block-grid__product-price price\"><span class=\"woocommerce-Price-amount amount\">12,00&nbsp;<span class=\"woocommerce-Price-currencySymbol\">&euro;<\/span><\/span><\/div>\n\t\t\t\t\n\t\t\t\t<div class=\"wp-block-button wc-block-grid__product-add-to-cart\"><a href=\"https:\/\/coincardex.fr\/index.php\/produit\/2-euro-commemorative-luxembourg-2026-40-ans-du-prix-charlemagne\/\" aria-label=\"En savoir plus sur &ldquo;2 euro comm\u00e9morative Luxembourg 2026 - 40 ans du prix Charlemagne&rdquo;\" data-quantity=\"1\" data-product_id=\"4783\" data-product_sku=\"\" data-price=\"12\" rel=\"nofollow\" class=\"wp-block-button__link  add_to_cart_button\">Lire la suite<\/a><\/div>\n\t\t\t<\/li><li class=\"wc-block-grid__product\">\n\t\t\t\t<a href=\"https:\/\/coincardex.fr\/index.php\/produit\/2-euro-commemorative-vatican-2025-550e-anniversaire-de-la-naissance-de-michel-ange\/\" class=\"wc-block-grid__product-link\">\n\t\t\t\t\t\n\t\t\t\t\t<div class=\"wc-block-grid__product-image\"><img loading=\"lazy\" decoding=\"async\" width=\"200\" height=\"200\" src=\"https:\/\/coincardex.fr\/wp-content\/uploads\/2026\/03\/2025-Vatican-2e-Michel-Ange-200x200.webp\" class=\"attachment-woocommerce_thumbnail size-woocommerce_thumbnail\" alt=\"2 euro comm\u00e9morative Vatican 2025 - 550e anniversaire de la naissance de Michel-Ange\" srcset=\"https:\/\/coincardex.fr\/wp-content\/uploads\/2026\/03\/2025-Vatican-2e-Michel-Ange-200x200.webp 200w, https:\/\/coincardex.fr\/wp-content\/uploads\/2026\/03\/2025-Vatican-2e-Michel-Ange-298x300.webp 298w, https:\/\/coincardex.fr\/wp-content\/uploads\/2026\/03\/2025-Vatican-2e-Michel-Ange-150x150.webp 150w, https:\/\/coincardex.fr\/wp-content\/uploads\/2026\/03\/2025-Vatican-2e-Michel-Ange-400x402.webp 400w, https:\/\/coincardex.fr\/wp-content\/uploads\/2026\/03\/2025-Vatican-2e-Michel-Ange-100x100.webp 100w, https:\/\/coincardex.fr\/wp-content\/uploads\/2026\/03\/2025-Vatican-2e-Michel-Ange.webp 721w\" sizes=\"auto, (max-width: 200px) 100vw, 200px\" \/><\/div>\n\t\t\t\t\t<div class=\"wc-block-grid__product-title\">2 euro comm\u00e9morative Vatican 2025 &#8211; 550e anniversaire de la naissance de Michel-Ange<\/div>\n\t\t\t\t<\/a>\n\t\t\t\t<div class=\"wc-block-grid__product-price price\"><span class=\"woocommerce-Price-amount amount\">39,00&nbsp;<span class=\"woocommerce-Price-currencySymbol\">&euro;<\/span><\/span><\/div>\n\t\t\t\t\n\t\t\t\t<div class=\"wp-block-button wc-block-grid__product-add-to-cart\"><a href=\"https:\/\/coincardex.fr\/index.php\/produit\/2-euro-commemorative-vatican-2025-550e-anniversaire-de-la-naissance-de-michel-ange\/\" aria-label=\"En savoir plus sur &ldquo;2 euro comm\u00e9morative Vatican 2025 - 550e anniversaire de la naissance de Michel-Ange&rdquo;\" data-quantity=\"1\" data-product_id=\"4729\" data-product_sku=\"\" data-price=\"39\" rel=\"nofollow\" class=\"wp-block-button__link  add_to_cart_button\">Lire la suite<\/a><\/div>\n\t\t\t<\/li><li class=\"wc-block-grid__product\">\n\t\t\t\t<a href=\"https:\/\/coincardex.fr\/index.php\/produit\/2-euro-commemorative-vatican-2025-annee-sainte\/\" class=\"wc-block-grid__product-link\">\n\t\t\t\t\t\n\t\t\t\t\t<div class=\"wc-block-grid__product-image\"><img loading=\"lazy\" decoding=\"async\" width=\"200\" height=\"200\" src=\"https:\/\/coincardex.fr\/wp-content\/uploads\/2026\/03\/2025-Vatican-2e-annee-sainte-200x200.webp\" class=\"attachment-woocommerce_thumbnail size-woocommerce_thumbnail\" alt=\"2 euro comm\u00e9morative Vatican 2025 - Ann\u00e9e Sainte\" srcset=\"https:\/\/coincardex.fr\/wp-content\/uploads\/2026\/03\/2025-Vatican-2e-annee-sainte-200x200.webp 200w, https:\/\/coincardex.fr\/wp-content\/uploads\/2026\/03\/2025-Vatican-2e-annee-sainte-300x300.webp 300w, https:\/\/coincardex.fr\/wp-content\/uploads\/2026\/03\/2025-Vatican-2e-annee-sainte-1024x1024.webp 1024w, https:\/\/coincardex.fr\/wp-content\/uploads\/2026\/03\/2025-Vatican-2e-annee-sainte-150x150.webp 150w, https:\/\/coincardex.fr\/wp-content\/uploads\/2026\/03\/2025-Vatican-2e-annee-sainte-768x768.webp 768w, https:\/\/coincardex.fr\/wp-content\/uploads\/2026\/03\/2025-Vatican-2e-annee-sainte-400x400.webp 400w, https:\/\/coincardex.fr\/wp-content\/uploads\/2026\/03\/2025-Vatican-2e-annee-sainte-100x100.webp 100w, https:\/\/coincardex.fr\/wp-content\/uploads\/2026\/03\/2025-Vatican-2e-annee-sainte.webp 1050w\" sizes=\"auto, (max-width: 200px) 100vw, 200px\" \/><\/div>\n\t\t\t\t\t<div class=\"wc-block-grid__product-title\">2 euro comm\u00e9morative Vatican 2025 &#8211; Ann\u00e9e Sainte<\/div>\n\t\t\t\t<\/a>\n\t\t\t\t<div class=\"wc-block-grid__product-price price\"><span class=\"woocommerce-Price-amount amount\">39,00&nbsp;<span class=\"woocommerce-Price-currencySymbol\">&euro;<\/span><\/span><\/div>\n\t\t\t\t\n\t\t\t\t<div class=\"wp-block-button wc-block-grid__product-add-to-cart\"><a href=\"https:\/\/coincardex.fr\/index.php\/produit\/2-euro-commemorative-vatican-2025-annee-sainte\/\" aria-label=\"En savoir plus sur &ldquo;2 euro comm\u00e9morative Vatican 2025 - Ann\u00e9e Sainte&rdquo;\" data-quantity=\"1\" data-product_id=\"4728\" data-product_sku=\"\" data-price=\"39\" rel=\"nofollow\" class=\"wp-block-button__link  add_to_cart_button\">Lire la suite<\/a><\/div>\n\t\t\t<\/li><\/ul><\/div><\/div>\n<\/div>\n","protected":false},"excerpt":{"rendered":"<p>Si votre panier contient des articles en pr\u00e9-commande, votre commande ne sera exp\u00e9di\u00e9e que lorsque tout les articles seront disponibles.<\/p>\n","protected":false},"author":1,"featured_media":0,"parent":0,"menu_order":0,"comment_status":"closed","ping_status":"closed","template":"","meta":{"_glsr_average":0,"_glsr_ranking":0,"_glsr_reviews":0,"footnotes":""},"class_list":["post-8","page","type-page","status-publish","hentry"],"_links":{"self":[{"href":"https:\/\/coincardex.fr\/index.php\/wp-json\/wp\/v2\/pages\/8","targetHints":{"allow":["GET"]}}],"collection":[{"href":"https:\/\/coincardex.fr\/index.php\/wp-json\/wp\/v2\/pages"}],"about":[{"href":"https:\/\/coincardex.fr\/index.php\/wp-json\/wp\/v2\/types\/page"}],"author":[{"embeddable":true,"href":"https:\/\/coincardex.fr\/index.php\/wp-json\/wp\/v2\/users\/1"}],"replies":[{"embeddable":true,"href":"https:\/\/coincardex.fr\/index.php\/wp-json\/wp\/v2\/comments?post=8"}],"version-history":[{"count":8,"href":"https:\/\/coincardex.fr\/index.php\/wp-json\/wp\/v2\/pages\/8\/revisions"}],"predecessor-version":[{"id":3932,"href":"https:\/\/coincardex.fr\/index.php\/wp-json\/wp\/v2\/pages\/8\/revisions\/3932"}],"wp:attachment":[{"href":"https:\/\/coincardex.fr\/index.php\/wp-json\/wp\/v2\/media?parent=8"}],"curies":[{"name":"wp","href":"https:\/\/api.w.org\/{rel}","templated":true}]}}