{"id":3672,"date":"2025-10-06T12:00:21","date_gmt":"2025-10-06T10:00:21","guid":{"rendered":"https:\/\/coincardex.fr\/?page_id=3672"},"modified":"2025-10-06T13:47:18","modified_gmt":"2025-10-06T11:47:18","slug":"rgpd","status":"publish","type":"page","link":"https:\/\/coincardex.fr\/index.php\/rgpd\/","title":{"rendered":"Protection des donn\u00e9es personnelles"},"content":{"rendered":"\n<p><strong>Collecte des donn\u00e9es personnelles<\/strong><br>Nous collectons uniquement les donn\u00e9es personnelles n\u00e9cessaires au fonctionnement de notre site et \u00e0 la fourniture de nos services (ex. : nom, pr\u00e9nom, adresse e-mail, informations de paiement, adresse de livraison).<\/p>\n\n\n\n<p>Ces donn\u00e9es sont collect\u00e9es de mani\u00e8re transparente et avec votre consentement lorsque cela est requis.<\/p>\n\n\n\n<p><strong>Finalit\u00e9 du traitement<\/strong><br>Les donn\u00e9es collect\u00e9es sont utilis\u00e9es pour :<\/p>\n\n\n\n<ul class=\"wp-block-list\">\n<li>Fournir nos services,<\/li>\n\n\n\n<li>G\u00e9rer les demandes de contact et les inscriptions \u00e0 notre newsletter,<\/li>\n\n\n\n<li>Respecter nos obligations l\u00e9gales et comptables.<\/li>\n<\/ul>\n\n\n\n<p><strong>Base l\u00e9gale<\/strong><br>Le traitement de vos donn\u00e9es repose sur :<\/p>\n\n\n\n<ul class=\"wp-block-list\">\n<li>Votre consentement lorsque vous remplissez un formulaire ou vous inscrivez \u00e0 notre newsletter,<\/li>\n\n\n\n<li>Le respect d\u2019obligations l\u00e9gales.<\/li>\n<\/ul>\n\n\n\n<p><strong>Dur\u00e9e de conservation<\/strong><br>Vos donn\u00e9es personnelles sont conserv\u00e9es uniquement pendant la dur\u00e9e n\u00e9cessaire \u00e0 la finalit\u00e9 pour laquelle elles ont \u00e9t\u00e9 collect\u00e9es (commandes, compte client), conform\u00e9ment \u00e0 la l\u00e9gislation en vigueur.<\/p>\n\n\n\n<p><strong>Partage des donn\u00e9es<\/strong><br>Vos donn\u00e9es ne sont ni partag\u00e9es ni vendues \u00e0 des tiers.<\/p>\n\n\n\n<p><strong>Droits des utilisateurs<\/strong><br>Conform\u00e9ment au RGPD, vous disposez des droits suivants :<\/p>\n\n\n\n<ul class=\"wp-block-list\">\n<li>Droit d\u2019acc\u00e8s \u00e0 vos donn\u00e9es personnelles,<\/li>\n\n\n\n<li>Droit de rectification,<\/li>\n\n\n\n<li>Droit \u00e0 l\u2019effacement (\u00ab droit \u00e0 l\u2019oubli \u00bb),<\/li>\n\n\n\n<li>Droit de limitation du traitement,<\/li>\n\n\n\n<li>Droit d\u2019opposition au traitement de vos donn\u00e9es,<\/li>\n\n\n\n<li>Droit \u00e0 la portabilit\u00e9 des donn\u00e9es.<\/li>\n<\/ul>\n\n\n\n<p>Vous pouvez exercer vos droits en nous contactant \u00e0 l\u2019adresse suivante : <strong>contact@numexia.fr<\/strong>.<\/p>\n\n\n\n<p><strong>Cookies et traceurs<\/strong><br>Notre site utilise des cookies pour am\u00e9liorer l\u2019exp\u00e9rience utilisateur et analyser la fr\u00e9quentation du site. Vous pouvez g\u00e9rer vos pr\u00e9f\u00e9rences ou refuser l\u2019usage des cookies via les param\u00e8tres de votre navigateur.<\/p>\n\n\n\n<p><strong>R\u00e9clamation<\/strong><br>En cas de probl\u00e8me relatif au traitement de vos donn\u00e9es personnelles, vous pouvez contacter la <strong>CNIL<\/strong> (Commission Nationale de l\u2019Informatique et des Libert\u00e9s) : <a>https:\/\/www.cnil.fr<\/a>.<\/p>\n","protected":false},"excerpt":{"rendered":"<p>Collecte des donn\u00e9es personnellesNous collectons uniquement les donn\u00e9es personnelles n\u00e9cessaires au fonctionnement de notre site et \u00e0 la fourniture de nos services (ex. : nom, pr\u00e9nom, adresse e-mail, informations de paiement, adresse de livraison). Ces donn\u00e9es sont collect\u00e9es de mani\u00e8re transparente et avec votre consentement lorsque cela est requis. Finalit\u00e9 du traitementLes donn\u00e9es collect\u00e9es sont [&hellip;]<\/p>\n","protected":false},"author":1,"featured_media":0,"parent":0,"menu_order":0,"comment_status":"closed","ping_status":"closed","template":"","meta":{"_glsr_average":0,"_glsr_ranking":0,"_glsr_reviews":0,"footnotes":""},"class_list":["post-3672","page","type-page","status-publish","hentry"],"_links":{"self":[{"href":"https:\/\/coincardex.fr\/index.php\/wp-json\/wp\/v2\/pages\/3672","targetHints":{"allow":["GET"]}}],"collection":[{"href":"https:\/\/coincardex.fr\/index.php\/wp-json\/wp\/v2\/pages"}],"about":[{"href":"https:\/\/coincardex.fr\/index.php\/wp-json\/wp\/v2\/types\/page"}],"author":[{"embeddable":true,"href":"https:\/\/coincardex.fr\/index.php\/wp-json\/wp\/v2\/users\/1"}],"replies":[{"embeddable":true,"href":"https:\/\/coincardex.fr\/index.php\/wp-json\/wp\/v2\/comments?post=3672"}],"version-history":[{"count":2,"href":"https:\/\/coincardex.fr\/index.php\/wp-json\/wp\/v2\/pages\/3672\/revisions"}],"predecessor-version":[{"id":3679,"href":"https:\/\/coincardex.fr\/index.php\/wp-json\/wp\/v2\/pages\/3672\/revisions\/3679"}],"wp:attachment":[{"href":"https:\/\/coincardex.fr\/index.php\/wp-json\/wp\/v2\/media?parent=3672"}],"curies":[{"name":"wp","href":"https:\/\/api.w.org\/{rel}","templated":true}]}}