{"id":3669,"date":"2025-06-02T08:43:00","date_gmt":"2025-06-02T06:43:00","guid":{"rendered":"https:\/\/coincardex.fr\/?page_id=3669"},"modified":"2026-01-15T23:14:56","modified_gmt":"2026-01-15T22:14:56","slug":"mentions-legales","status":"publish","type":"page","link":"https:\/\/coincardex.fr\/index.php\/mentions-legales\/","title":{"rendered":"Mentions l\u00e9gales"},"content":{"rendered":"\n<h4 class=\"wp-block-heading\">Identification de l&rsquo;\u00e9diteur<\/h4>\n\n\n\n<ul class=\"wp-block-list\">\n<li><strong>Nom ou raison sociale<\/strong> : M\u00e9lanie SCHEER<\/li>\n\n\n\n<li><strong>Nom commercial<\/strong> : Numexia<\/li>\n\n\n\n<li><strong>Forme juridique<\/strong> : auto entrepreneur<\/li>\n\n\n\n<li><strong>Activit\u00e9<\/strong> : Vente \u00e0 distance sur catalogue sp\u00e9cialis\u00e9 (4791B)<\/li>\n\n\n\n<li><strong>Num\u00e9ro SIRET<\/strong> : 94474192500019<\/li>\n\n\n\n<li><strong>Num\u00e9ro de t\u00e9l\u00e9phone et adresse e-mail<\/strong> : 07.43.33.36.35 \/ boutique@coincardex.fr<\/li>\n\n\n\n<li><strong>Directeur de la publication<\/strong> : M\u00e9lanie SCHEER<\/li>\n<\/ul>\n\n\n\n<h4 class=\"wp-block-heading\">Identification de l&rsquo;h\u00e9bergeur<\/h4>\n\n\n\n<ul class=\"wp-block-list\">\n<li><strong>Nom ou raison sociale<\/strong> : OVH SAS<\/li>\n\n\n\n<li><strong>Adresse<\/strong> : 2 rue Kellermann, 59100 Roubaix, France<\/li>\n\n\n\n<li><strong>Num\u00e9ro de t\u00e9l\u00e9phone<\/strong> : +33 9 72 10 10 07<\/li>\n\n\n\n<li><strong>Site web de l&rsquo;h\u00e9bergeur<\/strong> : <a href=\"https:\/\/www.ovh.com\">https:\/\/www.ovh.com<\/a><\/li>\n<\/ul>\n\n\n\n<h4 class=\"wp-block-heading\">Mentions sp\u00e9cifiques<\/h4>\n\n\n\n<ul class=\"wp-block-list\">\n<li><strong>Num\u00e9ro RCS<\/strong> : Saverne&nbsp;A&nbsp;944&nbsp;741&nbsp;925<\/li>\n\n\n\n<li><strong>Num\u00e9ro de TVA intracommunautaire<\/strong> : non applicable.<\/li>\n\n\n\n<li><strong>Conditions G\u00e9n\u00e9rales de Vente (CGV)<\/strong> : <a href=\"https:\/\/coincardex.fr\/index.php\/cgv\/\" data-type=\"link\" data-id=\"https:\/\/coincardex.fr\/index.php\/cgv\/\">consulter<\/a><\/li>\n\n\n\n<li><strong>Mentions relatives \u00e0 la protection des donn\u00e9es personnelles<\/strong> : <a href=\"https:\/\/coincardex.fr\/index.php\/rgpd\/\" data-type=\"link\" data-id=\"https:\/\/coincardex.fr\/index.php\/rgpd\/\">consulter<\/a><\/li>\n<\/ul>\n\n\n\n<p><\/p>\n","protected":false},"excerpt":{"rendered":"<p>Identification de l&rsquo;\u00e9diteur Identification de l&rsquo;h\u00e9bergeur Mentions sp\u00e9cifiques<\/p>\n","protected":false},"author":1,"featured_media":0,"parent":0,"menu_order":0,"comment_status":"closed","ping_status":"closed","template":"","meta":{"_glsr_average":0,"_glsr_ranking":0,"_glsr_reviews":0,"footnotes":""},"class_list":["post-3669","page","type-page","status-publish","hentry"],"_links":{"self":[{"href":"https:\/\/coincardex.fr\/index.php\/wp-json\/wp\/v2\/pages\/3669","targetHints":{"allow":["GET"]}}],"collection":[{"href":"https:\/\/coincardex.fr\/index.php\/wp-json\/wp\/v2\/pages"}],"about":[{"href":"https:\/\/coincardex.fr\/index.php\/wp-json\/wp\/v2\/types\/page"}],"author":[{"embeddable":true,"href":"https:\/\/coincardex.fr\/index.php\/wp-json\/wp\/v2\/users\/1"}],"replies":[{"embeddable":true,"href":"https:\/\/coincardex.fr\/index.php\/wp-json\/wp\/v2\/comments?post=3669"}],"version-history":[{"count":5,"href":"https:\/\/coincardex.fr\/index.php\/wp-json\/wp\/v2\/pages\/3669\/revisions"}],"predecessor-version":[{"id":4460,"href":"https:\/\/coincardex.fr\/index.php\/wp-json\/wp\/v2\/pages\/3669\/revisions\/4460"}],"wp:attachment":[{"href":"https:\/\/coincardex.fr\/index.php\/wp-json\/wp\/v2\/media?parent=3669"}],"curies":[{"name":"wp","href":"https:\/\/api.w.org\/{rel}","templated":true}]}}