{"id":10,"date":"2025-05-14T12:12:47","date_gmt":"2025-05-14T10:12:47","guid":{"rendered":"https:\/\/coincardex.fr\/index.php\/mon-compte\/"},"modified":"2026-02-18T19:48:17","modified_gmt":"2026-02-18T18:48:17","slug":"mon-compte","status":"publish","type":"page","link":"https:\/\/coincardex.fr\/index.php\/mon-compte\/","title":{"rendered":"Mon compte"},"content":{"rendered":"<div class=\"woocommerce\"><\/div>\n\n\n\n<p><em>Lors de la cr\u00e9ation de votre compte, merci d&rsquo;indiquer un <strong>num\u00e9ro de t\u00e9l\u00e9phone<\/strong> afin que nous puissions proc\u00e9der \u00e0 l&rsquo;envoi de votre commande (obligation des transporteurs). Merci pour votre compr\u00e9hension.<\/em><\/p>\n\n\n\n<p><\/p>\n","protected":false},"excerpt":{"rendered":"<p>Lors de la cr\u00e9ation de votre compte, merci d&rsquo;indiquer un num\u00e9ro de t\u00e9l\u00e9phone afin que nous puissions proc\u00e9der \u00e0 l&rsquo;envoi de votre commande (obligation des transporteurs). Merci pour votre compr\u00e9hension.<\/p>\n","protected":false},"author":1,"featured_media":0,"parent":0,"menu_order":0,"comment_status":"closed","ping_status":"closed","template":"","meta":{"_glsr_average":0,"_glsr_ranking":0,"_glsr_reviews":0,"footnotes":""},"class_list":["post-10","page","type-page","status-publish","hentry"],"_links":{"self":[{"href":"https:\/\/coincardex.fr\/index.php\/wp-json\/wp\/v2\/pages\/10","targetHints":{"allow":["GET"]}}],"collection":[{"href":"https:\/\/coincardex.fr\/index.php\/wp-json\/wp\/v2\/pages"}],"about":[{"href":"https:\/\/coincardex.fr\/index.php\/wp-json\/wp\/v2\/types\/page"}],"author":[{"embeddable":true,"href":"https:\/\/coincardex.fr\/index.php\/wp-json\/wp\/v2\/users\/1"}],"replies":[{"embeddable":true,"href":"https:\/\/coincardex.fr\/index.php\/wp-json\/wp\/v2\/comments?post=10"}],"version-history":[{"count":1,"href":"https:\/\/coincardex.fr\/index.php\/wp-json\/wp\/v2\/pages\/10\/revisions"}],"predecessor-version":[{"id":4544,"href":"https:\/\/coincardex.fr\/index.php\/wp-json\/wp\/v2\/pages\/10\/revisions\/4544"}],"wp:attachment":[{"href":"https:\/\/coincardex.fr\/index.php\/wp-json\/wp\/v2\/media?parent=10"}],"curies":[{"name":"wp","href":"https:\/\/api.w.org\/{rel}","templated":true}]}}